{"id":28,"date":"2019-04-18T19:08:28","date_gmt":"2019-04-18T19:08:28","guid":{"rendered":"http:\/\/yesweken.de\/?page_id=28"},"modified":"2019-04-24T13:48:37","modified_gmt":"2019-04-24T13:48:37","slug":"ueber-mich","status":"publish","type":"page","link":"http:\/\/yesweken.de\/?page_id=28","title":{"rendered":"\u00dcber mich"},"content":{"rendered":"\t\t<div data-elementor-type=\"wp-post\" data-elementor-id=\"28\" class=\"elementor elementor-28\">\n\t\t\t\t\t\t<section class=\"elementor-section elementor-top-section elementor-element elementor-element-4e6ebda elementor-section-boxed elementor-section-height-default elementor-section-height-default\" data-id=\"4e6ebda\" data-element_type=\"section\">\n\t\t\t\t\t\t<div class=\"elementor-container elementor-column-gap-default\">\n\t\t\t\t\t<div class=\"elementor-column elementor-col-100 elementor-top-column elementor-element elementor-element-466d082\" data-id=\"466d082\" data-element_type=\"column\">\n\t\t\t<div class=\"elementor-widget-wrap elementor-element-populated\">\n\t\t\t\t\t\t<div class=\"elementor-element elementor-element-3e70173 elementor-widget elementor-widget-text-editor\" data-id=\"3e70173\" data-element_type=\"widget\" data-widget_type=\"text-editor.default\">\n\t\t\t\t<div class=\"elementor-widget-container\">\n\t\t\t\t\t\t\t\t\t\n<p>Hallo,<\/p>\n\n<p>mein Name ist Ken Stutzmann. Ich bin 32 Jahre alt und ein waschechter Beindersheimer. Ich habe mir meinen Kindheitstraum erf\u00fcllt und bin Berufsfeuerwehrmann bei der Stadt Ludwigshafen. Mit meiner Frau, Kristin, habe ich zwei Kinder (Leo und Leni).<\/p>\n\n<h2 class=\"wp-block-heading\">2019 kandidiere ich f\u00fcr das Amt des Ortsb\u00fcrgermeisters von Beindersheim<\/h2>\n\n<p>\u00a0<\/p>\n<p>In meiner Kindheit habe ich die kommunalpolitische Arbeit schon zu Hause miterleben k\u00f6nnen. Am Wohnzimmertisch wurden Projekte und Verbesserungen f\u00fcr die Beindersheimer geplant und sp\u00e4ter konnte ich sie dann in die Tat umgesetzt sehen. Das hat mich immer beeindruckt und f\u00fcr mich war klar: Das m\u00f6chte ich auch machen.<\/p>\n\n<p>Ich habe schon viel politische Erfahrung sammeln k\u00f6nnen. Derzeit bin ich Beigeordneter der Verbandsgemeinde Lambsheim-He\u00dfheim. F\u00fcr mich eine gute Vorbereitung f\u00fcr ein m\u00f6gliches B\u00fcrgermeisteramt. In der Verbandsgemeinde wie auch in der Ortsgemeinde muss ich L\u00f6sungen f\u00fcr komplexe Projekte finden\u00a0und Mehrheiten f\u00fcr meine Ideen\u00a0suchen. Durch den Kontakt mit Ihnen, den B\u00fcrgerinnen und B\u00fcrgern aus allen Bereichen, habe ich viele gute Ideen und Anregungen bekommen,\u00a0die ich gerne f\u00fcr uns alle umsetzen m\u00f6chte.<\/p>\n\n<p>Ich w\u00fcrde mich freuen, wenn Sie mir Ihr Vertrauen schenken, und mich am 26. Mai 2019 w\u00e4hlen.<\/p>\n\n<p>Die Punkte, die mir in den kommenden Jahren wichtig sind, finden Sie <a href=\"http:\/\/yesweken.de\/?page_id=33\">hier<\/a>.<\/p>\n\t\t\t\t\t\t\t\t<\/div>\n\t\t\t\t<\/div>\n\t\t\t\t\t<\/div>\n\t\t<\/div>\n\t\t\t\t\t<\/div>\n\t\t<\/section>\n\t\t\t\t<\/div>\n\t\t","protected":false},"excerpt":{"rendered":"<p>Hallo, mein Name ist Ken Stutzmann. Ich bin 32 Jahre alt und ein waschechter Beindersheimer. Ich habe mir meinen Kindheitstraum erf\u00fcllt und bin Berufsfeuerwehrmann bei der Stadt Ludwigshafen. Mit meiner Frau, Kristin, habe ich zwei Kinder (Leo und Leni). 2019 kandidiere ich f\u00fcr das Amt des Ortsb\u00fcrgermeisters von Beindersheim \u00a0 In meiner Kindheit habe ich [&hellip;]<\/p>\n","protected":false},"author":1,"featured_media":90,"parent":0,"menu_order":0,"comment_status":"closed","ping_status":"closed","template":"","meta":{"footnotes":""},"class_list":["post-28","page","type-page","status-publish","has-post-thumbnail","hentry"],"_links":{"self":[{"href":"http:\/\/yesweken.de\/index.php?rest_route=\/wp\/v2\/pages\/28","targetHints":{"allow":["GET"]}}],"collection":[{"href":"http:\/\/yesweken.de\/index.php?rest_route=\/wp\/v2\/pages"}],"about":[{"href":"http:\/\/yesweken.de\/index.php?rest_route=\/wp\/v2\/types\/page"}],"author":[{"embeddable":true,"href":"http:\/\/yesweken.de\/index.php?rest_route=\/wp\/v2\/users\/1"}],"replies":[{"embeddable":true,"href":"http:\/\/yesweken.de\/index.php?rest_route=%2Fwp%2Fv2%2Fcomments&post=28"}],"version-history":[{"count":9,"href":"http:\/\/yesweken.de\/index.php?rest_route=\/wp\/v2\/pages\/28\/revisions"}],"predecessor-version":[{"id":101,"href":"http:\/\/yesweken.de\/index.php?rest_route=\/wp\/v2\/pages\/28\/revisions\/101"}],"wp:featuredmedia":[{"embeddable":true,"href":"http:\/\/yesweken.de\/index.php?rest_route=\/wp\/v2\/media\/90"}],"wp:attachment":[{"href":"http:\/\/yesweken.de\/index.php?rest_route=%2Fwp%2Fv2%2Fmedia&parent=28"}],"curies":[{"name":"wp","href":"https:\/\/api.w.org\/{rel}","templated":true}]}}