{"id":151,"date":"2019-05-22T11:32:20","date_gmt":"2019-05-22T11:32:20","guid":{"rendered":"http:\/\/yesweken.de\/?page_id=151"},"modified":"2019-05-22T11:32:20","modified_gmt":"2019-05-22T11:32:20","slug":"unser-team","status":"publish","type":"page","link":"http:\/\/yesweken.de\/?page_id=151","title":{"rendered":"Unser Team"},"content":{"rendered":"\n<p>Liebe Beindersheimerinnen und Beindersheimer,<\/p>\n\n\n\n<p>wie wichtig es, ist sich jederzeit auf seine Mitstreiter verlassen zu k\u00f6nnen, kann ich jeden Tag in meinem Beruf als Feuerwehrmann erleben. Wir m\u00fcssen sicher sein, dass jeder immer hundertprozentig bei der Sache ist und jeden Handgriff kennt.<\/p>\n\n\n\n<p>Genauso wichtig ist es f\u00fcr mich, das richtige Team f\u00fcr Beindersheim hinter mir zu wissen. Wir haben eine tolle Mischung aus Jungen und Erfahrenen, aus Frauen und M\u00e4nnern, die eines eint: der Wille sich f\u00fcr unser Heimatdorf einzusetzen und die richtigen Weichen f\u00fcr die Zukunft zu stellen.<\/p>\n\n\n\n<p>Bitte gebt uns eure Stimmen, um Beindersheim voran zu\nbringen.<\/p>\n\n\n\n<p>#yesweken<\/p>\n\n\n\n<figure class=\"wp-block-image\"><img fetchpriority=\"high\" decoding=\"async\" width=\"799\" height=\"753\" src=\"http:\/\/yesweken.de\/wp-content\/uploads\/2019\/05\/Team-SPD-Beindersheim.jpg\" alt=\"\" class=\"wp-image-154\" srcset=\"http:\/\/yesweken.de\/wp-content\/uploads\/2019\/05\/Team-SPD-Beindersheim.jpg 799w, http:\/\/yesweken.de\/wp-content\/uploads\/2019\/05\/Team-SPD-Beindersheim-300x283.jpg 300w, http:\/\/yesweken.de\/wp-content\/uploads\/2019\/05\/Team-SPD-Beindersheim-768x724.jpg 768w\" sizes=\"(max-width: 799px) 100vw, 799px\" \/><\/figure>\n\n\n\n<ul class=\"wp-block-gallery columns-3 is-cropped wp-block-gallery-1 is-layout-flex wp-block-gallery-is-layout-flex\"><li class=\"blocks-gallery-item\"><figure><a href=\"http:\/\/yesweken.de\/wp-content\/uploads\/2019\/05\/PHOTO-2019-05-22-Taucher-768x1024.jpg\"><img decoding=\"async\" width=\"768\" height=\"1024\" src=\"http:\/\/yesweken.de\/wp-content\/uploads\/2019\/05\/PHOTO-2019-05-22-Taucher-768x1024.jpg\" alt=\"\" data-id=\"163\" data-link=\"http:\/\/yesweken.de\/?attachment_id=163\" class=\"wp-image-163\" srcset=\"http:\/\/yesweken.de\/wp-content\/uploads\/2019\/05\/PHOTO-2019-05-22-Taucher-768x1024.jpg 768w, http:\/\/yesweken.de\/wp-content\/uploads\/2019\/05\/PHOTO-2019-05-22-Taucher-225x300.jpg 225w, http:\/\/yesweken.de\/wp-content\/uploads\/2019\/05\/PHOTO-2019-05-22-Taucher.jpg 1200w\" sizes=\"(max-width: 768px) 100vw, 768px\" \/><\/a><\/figure><\/li><li class=\"blocks-gallery-item\"><figure><a href=\"http:\/\/yesweken.de\/wp-content\/uploads\/2019\/05\/PHOTO-2019-05-22-Fitness-769x1024.jpg\"><img decoding=\"async\" width=\"769\" height=\"1024\" src=\"http:\/\/yesweken.de\/wp-content\/uploads\/2019\/05\/PHOTO-2019-05-22-Fitness-769x1024.jpg\" alt=\"\" data-id=\"162\" data-link=\"http:\/\/yesweken.de\/?attachment_id=162\" class=\"wp-image-162\" srcset=\"http:\/\/yesweken.de\/wp-content\/uploads\/2019\/05\/PHOTO-2019-05-22-Fitness-769x1024.jpg 769w, http:\/\/yesweken.de\/wp-content\/uploads\/2019\/05\/PHOTO-2019-05-22-Fitness-225x300.jpg 225w, http:\/\/yesweken.de\/wp-content\/uploads\/2019\/05\/PHOTO-2019-05-22-Fitness-768x1022.jpg 768w, http:\/\/yesweken.de\/wp-content\/uploads\/2019\/05\/PHOTO-2019-05-22-Fitness.jpg 1202w\" sizes=\"(max-width: 769px) 100vw, 769px\" \/><\/a><\/figure><\/li><li class=\"blocks-gallery-item\"><figure><a href=\"http:\/\/yesweken.de\/wp-content\/uploads\/2019\/05\/PHOTO-2019-05-22-Kollege2-1024x768.jpg\"><img loading=\"lazy\" decoding=\"async\" width=\"1024\" height=\"768\" src=\"http:\/\/yesweken.de\/wp-content\/uploads\/2019\/05\/PHOTO-2019-05-22-Kollege2-1024x768.jpg\" alt=\"\" data-id=\"161\" data-link=\"http:\/\/yesweken.de\/?attachment_id=161\" class=\"wp-image-161\" srcset=\"http:\/\/yesweken.de\/wp-content\/uploads\/2019\/05\/PHOTO-2019-05-22-Kollege2-1024x768.jpg 1024w, http:\/\/yesweken.de\/wp-content\/uploads\/2019\/05\/PHOTO-2019-05-22-Kollege2-300x225.jpg 300w, http:\/\/yesweken.de\/wp-content\/uploads\/2019\/05\/PHOTO-2019-05-22-Kollege2-768x576.jpg 768w, http:\/\/yesweken.de\/wp-content\/uploads\/2019\/05\/PHOTO-2019-05-22-Kollege2.jpg 1600w\" sizes=\"(max-width: 1024px) 100vw, 1024px\" \/><\/a><\/figure><\/li><li class=\"blocks-gallery-item\"><figure><a href=\"http:\/\/yesweken.de\/wp-content\/uploads\/2019\/05\/PHOTO-2019-05-22-Kollege1-1024x768.jpg\"><img loading=\"lazy\" decoding=\"async\" width=\"1024\" height=\"768\" src=\"http:\/\/yesweken.de\/wp-content\/uploads\/2019\/05\/PHOTO-2019-05-22-Kollege1-1024x768.jpg\" alt=\"\" data-id=\"160\" data-link=\"http:\/\/yesweken.de\/?attachment_id=160\" class=\"wp-image-160\" srcset=\"http:\/\/yesweken.de\/wp-content\/uploads\/2019\/05\/PHOTO-2019-05-22-Kollege1-1024x768.jpg 1024w, http:\/\/yesweken.de\/wp-content\/uploads\/2019\/05\/PHOTO-2019-05-22-Kollege1-300x225.jpg 300w, http:\/\/yesweken.de\/wp-content\/uploads\/2019\/05\/PHOTO-2019-05-22-Kollege1-768x576.jpg 768w, http:\/\/yesweken.de\/wp-content\/uploads\/2019\/05\/PHOTO-2019-05-22-Kollege1.jpg 1600w\" sizes=\"(max-width: 1024px) 100vw, 1024px\" \/><\/a><\/figure><\/li><li class=\"blocks-gallery-item\"><figure><a href=\"http:\/\/yesweken.de\/wp-content\/uploads\/2019\/05\/IMG_1646-e1558035179131-1024x755.jpg\"><img loading=\"lazy\" decoding=\"async\" width=\"1024\" height=\"755\" src=\"http:\/\/yesweken.de\/wp-content\/uploads\/2019\/05\/IMG_1646-e1558035179131-1024x755.jpg\" alt=\"\" data-id=\"143\" data-link=\"http:\/\/yesweken.de\/?attachment_id=143\" class=\"wp-image-143\" srcset=\"http:\/\/yesweken.de\/wp-content\/uploads\/2019\/05\/IMG_1646-e1558035179131-1024x755.jpg 1024w, http:\/\/yesweken.de\/wp-content\/uploads\/2019\/05\/IMG_1646-e1558035179131-300x221.jpg 300w, http:\/\/yesweken.de\/wp-content\/uploads\/2019\/05\/IMG_1646-e1558035179131-768x566.jpg 768w\" sizes=\"(max-width: 1024px) 100vw, 1024px\" \/><\/a><\/figure><\/li><\/ul>\n","protected":false},"excerpt":{"rendered":"<p>Liebe Beindersheimerinnen und Beindersheimer, wie wichtig es, ist sich jederzeit auf seine Mitstreiter verlassen zu k\u00f6nnen, kann ich jeden Tag in meinem Beruf als Feuerwehrmann erleben. Wir m\u00fcssen sicher sein, dass jeder immer hundertprozentig bei der Sache ist und jeden Handgriff kennt. Genauso wichtig ist es f\u00fcr mich, das richtige Team f\u00fcr Beindersheim hinter mir [&hellip;]<\/p>\n","protected":false},"author":1,"featured_media":143,"parent":0,"menu_order":0,"comment_status":"closed","ping_status":"closed","template":"","meta":{"footnotes":""},"class_list":["post-151","page","type-page","status-publish","has-post-thumbnail","hentry"],"_links":{"self":[{"href":"http:\/\/yesweken.de\/index.php?rest_route=\/wp\/v2\/pages\/151","targetHints":{"allow":["GET"]}}],"collection":[{"href":"http:\/\/yesweken.de\/index.php?rest_route=\/wp\/v2\/pages"}],"about":[{"href":"http:\/\/yesweken.de\/index.php?rest_route=\/wp\/v2\/types\/page"}],"author":[{"embeddable":true,"href":"http:\/\/yesweken.de\/index.php?rest_route=\/wp\/v2\/users\/1"}],"replies":[{"embeddable":true,"href":"http:\/\/yesweken.de\/index.php?rest_route=%2Fwp%2Fv2%2Fcomments&post=151"}],"version-history":[{"count":5,"href":"http:\/\/yesweken.de\/index.php?rest_route=\/wp\/v2\/pages\/151\/revisions"}],"predecessor-version":[{"id":165,"href":"http:\/\/yesweken.de\/index.php?rest_route=\/wp\/v2\/pages\/151\/revisions\/165"}],"wp:featuredmedia":[{"embeddable":true,"href":"http:\/\/yesweken.de\/index.php?rest_route=\/wp\/v2\/media\/143"}],"wp:attachment":[{"href":"http:\/\/yesweken.de\/index.php?rest_route=%2Fwp%2Fv2%2Fmedia&parent=151"}],"curies":[{"name":"wp","href":"https:\/\/api.w.org\/{rel}","templated":true}]}}